{"id":1686,"date":"2020-05-07T02:15:03","date_gmt":"2020-05-06T23:15:03","guid":{"rendered":"https:\/\/semikols.eu\/par\/"},"modified":"2024-11-09T16:11:39","modified_gmt":"2024-11-09T13:11:39","slug":"par-mums","status":"publish","type":"page","link":"https:\/\/semikols.eu\/lv\/par-mums\/","title":{"rendered":"PAR MUMS"},"content":{"rendered":"\t\t<div data-elementor-type=\"wp-page\" data-elementor-id=\"1686\" class=\"elementor elementor-1686 elementor-1143\" data-elementor-settings=\"[]\">\n\t\t\t<div class=\"elementor-inner\">\n\t\t\t\t<div class=\"elementor-section-wrap\">\n\t\t\t\t\t\t\t<section class=\"elementor-element elementor-element-4f90834 elementor-section-stretched elementor-section-boxed elementor-section-height-default elementor-section-height-default elementor-section elementor-top-section\" data-id=\"4f90834\" data-element_type=\"section\" data-settings=\"{&quot;stretch_section&quot;:&quot;section-stretched&quot;}\">\n\t\t\t\t\t\t<div class=\"elementor-container elementor-column-gap-default\">\n\t\t\t\t<div class=\"elementor-row\">\n\t\t\t\t<div class=\"elementor-element elementor-element-236f076 elementor-column elementor-col-100 elementor-top-column\" data-id=\"236f076\" data-element_type=\"column\">\n\t\t\t<div class=\"elementor-column-wrap  elementor-element-populated\">\n\t\t\t\t\t<div class=\"elementor-widget-wrap\">\n\t\t\t\t<section class=\"elementor-element elementor-element-3c39aaa elementor-section-boxed elementor-section-height-default elementor-section-height-default elementor-section elementor-inner-section\" data-id=\"3c39aaa\" data-element_type=\"section\">\n\t\t\t\t\t\t<div class=\"elementor-container elementor-column-gap-default\">\n\t\t\t\t<div class=\"elementor-row\">\n\t\t\t\t<div class=\"elementor-element elementor-element-00fd8c3 elementor-column elementor-col-100 elementor-inner-column\" data-id=\"00fd8c3\" data-element_type=\"column\">\n\t\t\t<div class=\"elementor-column-wrap  elementor-element-populated\">\n\t\t\t\t\t<div class=\"elementor-widget-wrap\">\n\t\t\t\t<div class=\"elementor-element elementor-element-786aa17 elementor-widget elementor-widget-html\" data-id=\"786aa17\" data-element_type=\"widget\" data-widget_type=\"html.default\">\n\t\t\t\t<div class=\"elementor-widget-container\">\n\t\t\t<!-- Facebook Pixel Code -->\n<script>\n!function(f,b,e,v,n,t,s)\n{if(f.fbq)return;n=f.fbq=function(){n.callMethod?\nn.callMethod.apply(n,arguments):n.queue.push(arguments)};\nif(!f._fbq)f._fbq=n;n.push=n;n.loaded=!0;n.version='2.0';\nn.queue=[];t=b.createElement(e);t.async=!0;\nt.src=v;s=b.getElementsByTagName(e)[0];\ns.parentNode.insertBefore(t,s)}(window, document,'script',\n'https:\/\/connect.facebook.net\/en_US\/fbevents.js');\nfbq('init', '645486736066805');\nfbq('track', 'PageView');\n<\/script>\n<noscript><img loading=\"lazy\" decoding=\"async\" height=\"1\" width=\"1\" style=\"display:none\" src=\"https:\/\/www.facebook.com\/tr?id=645486736066805&amp;ev=PageView&amp;noscript=1\"><\/noscript>\n<!-- End Facebook Pixel Code -->\n\t\t<\/div>\n\t\t\t\t<\/div>\n\t\t\t\t<div class=\"elementor-element elementor-element-4989c0e animated-slow elementor-invisible elementor-widget elementor-widget-image\" data-id=\"4989c0e\" data-element_type=\"widget\" data-settings=\"{&quot;_animation&quot;:&quot;fadeIn&quot;,&quot;_animation_delay&quot;:500}\" data-widget_type=\"image.default\">\n\t\t\t\t<div class=\"elementor-widget-container\">\n\t\t\t\t\t<div class=\"elementor-image\">\n\t\t\t\t\t\t\t\t\t\t\t<a href=\"https:\/\/semikols.eu\/lv\/\">\n\t\t\t\t\t\t\t<img loading=\"lazy\" decoding=\"async\" width=\"2938\" height=\"1248\" src=\"https:\/\/semikols.eu\/wp-content\/uploads\/2020\/05\/Semikols-Logo-Black.png\" class=\"elementor-animation-shrink attachment-full size-full\" alt=\"\" srcset=\"https:\/\/semikols.eu\/wp-content\/uploads\/2020\/05\/Semikols-Logo-Black.png 2938w, https:\/\/semikols.eu\/wp-content\/uploads\/2020\/05\/Semikols-Logo-Black-600x255.png 600w, https:\/\/semikols.eu\/wp-content\/uploads\/2020\/05\/Semikols-Logo-Black-800x340.png 800w, https:\/\/semikols.eu\/wp-content\/uploads\/2020\/05\/Semikols-Logo-Black-768x326.png 768w, https:\/\/semikols.eu\/wp-content\/uploads\/2020\/05\/Semikols-Logo-Black-1400x595.png 1400w, https:\/\/semikols.eu\/wp-content\/uploads\/2020\/05\/Semikols-Logo-Black-830x353.png 830w, https:\/\/semikols.eu\/wp-content\/uploads\/2020\/05\/Semikols-Logo-Black-230x98.png 230w, https:\/\/semikols.eu\/wp-content\/uploads\/2020\/05\/Semikols-Logo-Black-350x149.png 350w, https:\/\/semikols.eu\/wp-content\/uploads\/2020\/05\/Semikols-Logo-Black-480x204.png 480w\" sizes=\"(max-width: 2938px) 100vw, 2938px\" \/>\t\t\t\t\t\t\t\t<\/a>\n\t\t\t\t\t\t\t\t\t\t\t<\/div>\n\t\t\t\t<\/div>\n\t\t\t\t<\/div>\n\t\t\t\t\t\t<\/div>\n\t\t\t<\/div>\n\t\t<\/div>\n\t\t\t\t\t\t<\/div>\n\t\t\t<\/div>\n\t\t<\/section>\n\t\t\t\t<section class=\"elementor-element elementor-element-edb9994 animated-slow elementor-section-boxed elementor-section-height-default elementor-section-height-default elementor-invisible elementor-section elementor-inner-section\" data-id=\"edb9994\" data-element_type=\"section\" data-settings=\"{&quot;animation&quot;:&quot;fadeIn&quot;,&quot;animation_delay&quot;:1200}\">\n\t\t\t\t\t\t<div class=\"elementor-container elementor-column-gap-narrow\">\n\t\t\t\t<div class=\"elementor-row\">\n\t\t\t\t<div class=\"elementor-element elementor-element-6cdb919 elementor-column elementor-col-33 elementor-inner-column\" data-id=\"6cdb919\" data-element_type=\"column\">\n\t\t\t<div class=\"elementor-column-wrap  elementor-element-populated\">\n\t\t\t\t\t<div class=\"elementor-widget-wrap\">\n\t\t\t\t<div class=\"elementor-element elementor-element-784f0df elementor-widget elementor-widget-text-editor\" data-id=\"784f0df\" data-element_type=\"widget\" data-widget_type=\"text-editor.default\">\n\t\t\t\t<div class=\"elementor-widget-container\">\n\t\t\t\t\t<div class=\"elementor-text-editor elementor-clearfix\"><p><a href=\"https:\/\/semikols.eu\/pricing\/\">Cenas<\/a><\/p>\n<\/div>\n\t\t\t\t<\/div>\n\t\t\t\t<\/div>\n\t\t\t\t\t\t<\/div>\n\t\t\t<\/div>\n\t\t<\/div>\n\t\t\t\t<div class=\"elementor-element elementor-element-e22b65e elementor-column elementor-col-33 elementor-inner-column\" data-id=\"e22b65e\" data-element_type=\"column\">\n\t\t\t<div class=\"elementor-column-wrap  elementor-element-populated\">\n\t\t\t\t\t<div class=\"elementor-widget-wrap\">\n\t\t\t\t<div class=\"elementor-element elementor-element-d49dba9 elementor-widget elementor-widget-text-editor\" data-id=\"d49dba9\" data-element_type=\"widget\" data-widget_type=\"text-editor.default\">\n\t\t\t\t<div class=\"elementor-widget-container\">\n\t\t\t\t\t<div class=\"elementor-text-editor elementor-clearfix\"><p><a href=\"https:\/\/semikols.eu\/specs\/\">Specifik\u0101cija<\/a><\/p>\n<\/div>\n\t\t\t\t<\/div>\n\t\t\t\t<\/div>\n\t\t\t\t\t\t<\/div>\n\t\t\t<\/div>\n\t\t<\/div>\n\t\t\t\t<div class=\"elementor-element elementor-element-604858a elementor-column elementor-col-33 elementor-inner-column\" data-id=\"604858a\" data-element_type=\"column\">\n\t\t\t<div class=\"elementor-column-wrap  elementor-element-populated\">\n\t\t\t\t\t<div class=\"elementor-widget-wrap\">\n\t\t\t\t<div class=\"elementor-element elementor-element-dad120d elementor-widget elementor-widget-text-editor\" data-id=\"dad120d\" data-element_type=\"widget\" data-widget_type=\"text-editor.default\">\n\t\t\t\t<div class=\"elementor-widget-container\">\n\t\t\t\t\t<div class=\"elementor-text-editor elementor-clearfix\"><p><a href=\"https:\/\/semikols.eu\/lv\/par\/\">Par<\/a><\/p>\n<\/div>\n\t\t\t\t<\/div>\n\t\t\t\t<\/div>\n\t\t\t\t\t\t<\/div>\n\t\t\t<\/div>\n\t\t<\/div>\n\t\t\t\t\t\t<\/div>\n\t\t\t<\/div>\n\t\t<\/section>\n\t\t\t\t\t\t<\/div>\n\t\t\t<\/div>\n\t\t<\/div>\n\t\t\t\t\t\t<\/div>\n\t\t\t<\/div>\n\t\t<\/section>\n\t\t\t\t<section class=\"elementor-element elementor-element-ec3aa63 elementor-section-stretched animated-slow elementor-section-boxed elementor-section-height-default elementor-section-height-default elementor-invisible elementor-section elementor-top-section\" data-id=\"ec3aa63\" data-element_type=\"section\" data-settings=\"{&quot;stretch_section&quot;:&quot;section-stretched&quot;,&quot;animation&quot;:&quot;fadeIn&quot;,&quot;animation_delay&quot;:500}\">\n\t\t\t\t\t\t<div class=\"elementor-container elementor-column-gap-default\">\n\t\t\t\t<div class=\"elementor-row\">\n\t\t\t\t<div class=\"elementor-element elementor-element-a03160d elementor-column elementor-col-100 elementor-top-column\" data-id=\"a03160d\" data-element_type=\"column\">\n\t\t\t<div class=\"elementor-column-wrap  elementor-element-populated\">\n\t\t\t\t\t<div class=\"elementor-widget-wrap\">\n\t\t\t\t<section class=\"elementor-element elementor-element-858e599 elementor-section-boxed elementor-section-height-default elementor-section-height-default elementor-section elementor-inner-section\" data-id=\"858e599\" data-element_type=\"section\">\n\t\t\t\t\t\t<div class=\"elementor-container elementor-column-gap-default\">\n\t\t\t\t<div class=\"elementor-row\">\n\t\t\t\t<div class=\"elementor-element elementor-element-151c4e6 elementor-column elementor-col-100 elementor-inner-column\" data-id=\"151c4e6\" data-element_type=\"column\">\n\t\t\t<div class=\"elementor-column-wrap  elementor-element-populated\">\n\t\t\t\t\t<div class=\"elementor-widget-wrap\">\n\t\t\t\t<div class=\"elementor-element elementor-element-292be57 elementor-widget elementor-widget-text-editor\" data-id=\"292be57\" data-element_type=\"widget\" data-widget_type=\"text-editor.default\">\n\t\t\t\t<div class=\"elementor-widget-container\">\n\t\t\t\t\t<div class=\"elementor-text-editor elementor-clearfix\"><p class=\"p1\">Esam \u0123imenes uz\u0146\u0113mums, kam pieder vinila pla\u0161u razo\u0161anas r\u016bpn\u012bca, kas atrodas R\u012bg\u0101, Latvij\u0101. Semikols ir sinon\u012bms augstas kvalit\u0101tes ierakstiem, vislab\u0101kajai drukai un iepako\u0161anai, nog\u0101d\u0101\u0161anai jebkur\u0101 pasaules viet\u0101 ar \u0101tr\u0101m pieg\u0101d\u0113m, \u012bss izpildes laiks un korekta klientu apkalpo\u0161ana. Viss, ko ra\u017eo Semikols, tiek r\u016bp\u012bgi p\u0101rbaud\u012bts ikkatr\u0101 ra\u017eo\u0161anas posm\u0101. M\u016bsu labi apr\u012bkot\u0101 r\u016bpn\u012bca, kuras pamat\u0101 ir NewBilt ierakstu preses, izmanto modernu zin\u0101tnisku pieeju vinila pres\u0113\u0161anai, kas nodro\u0161ina, ka iek\u0101rta darbojas visaugst\u0101kaj\u0101 l\u012bmen\u012b un atbilsts pat vispras\u012bg\u0101kajiem kvalit\u0101tes kontroles standartiem.  <\/p>\n<p class=\"p1\">Semikols pied\u0101v\u0101 pilnu, pabeigtu pakalpojumu komplektu, lai p\u0101rv\u0113rstu j\u016bsu m\u016bziku br\u012bni\u0161k\u012bgi skano\u0161\u0101, piln\u012bb\u0101 izveidot\u0101, gala produkt\u0101: m\u0113s pres\u0113jam 12 collu plates, gan 33, gan 45 RPM, un druk\u0101jam v\u0101kus, uzmavas, ielaidumus, eti\u0137etes, uzl\u012bmes visos izm\u0113ros gan mono (vien\u0101 kr\u0101s\u0101), gan daudzkr\u0101saini \u2013 ar p\u0101reju no vienas uz citu, vai \u012bpa\u0161\u0101 kr\u0101s\u0101, kuru esat izv\u0113l\u0113ju\u0161ies J\u016bs. M\u016bsu m\u0113r\u0137is ir rad\u012bt augstas kvalit\u0101tes vinila ierakstus visu izm\u0113ru projektiem, s\u0101kot no 150 vien\u012bbu tir\u0101\u017eas l\u012bdz pat t\u016bksto\u0161iem komerci\u0101lu pres\u0113jumu.  <\/p>\n<\/div>\n\t\t\t\t<\/div>\n\t\t\t\t<\/div>\n\t\t\t\t<div class=\"elementor-element elementor-element-7af9485 elementor-widget elementor-widget-image\" data-id=\"7af9485\" data-element_type=\"widget\" data-widget_type=\"image.default\">\n\t\t\t\t<div class=\"elementor-widget-container\">\n\t\t\t\t\t<div class=\"elementor-image\">\n\t\t\t\t\t\t\t\t\t\t<img loading=\"lazy\" decoding=\"async\" width=\"1280\" height=\"1001\" src=\"https:\/\/semikols.eu\/wp-content\/uploads\/2020\/05\/Semikols-About-2.jpg\" class=\"attachment-full size-full\" alt=\"\" srcset=\"https:\/\/semikols.eu\/wp-content\/uploads\/2020\/05\/Semikols-About-2.jpg 1280w, https:\/\/semikols.eu\/wp-content\/uploads\/2020\/05\/Semikols-About-2-768x601.jpg 768w, https:\/\/semikols.eu\/wp-content\/uploads\/2020\/05\/Semikols-About-2-830x649.jpg 830w, https:\/\/semikols.eu\/wp-content\/uploads\/2020\/05\/Semikols-About-2-230x180.jpg 230w, https:\/\/semikols.eu\/wp-content\/uploads\/2020\/05\/Semikols-About-2-350x274.jpg 350w, https:\/\/semikols.eu\/wp-content\/uploads\/2020\/05\/Semikols-About-2-480x375.jpg 480w, https:\/\/semikols.eu\/wp-content\/uploads\/2020\/05\/Semikols-About-2-600x469.jpg 600w\" sizes=\"(max-width: 1280px) 100vw, 1280px\" \/>\t\t\t\t\t\t\t\t\t\t\t<\/div>\n\t\t\t\t<\/div>\n\t\t\t\t<\/div>\n\t\t\t\t\t\t<\/div>\n\t\t\t<\/div>\n\t\t<\/div>\n\t\t\t\t\t\t<\/div>\n\t\t\t<\/div>\n\t\t<\/section>\n\t\t\t\t\t\t<\/div>\n\t\t\t<\/div>\n\t\t<\/div>\n\t\t\t\t\t\t<\/div>\n\t\t\t<\/div>\n\t\t<\/section>\n\t\t\t\t\t\t<\/div>\n\t\t\t<\/div>\n\t\t<\/div>\n\t\t","protected":false},"excerpt":{"rendered":"<p>Cenas Specifik\u0101cija Par Esam \u0123imenes uz\u0146\u0113mums, kam pieder vinila pla\u0161u razo\u0161anas r\u016bpn\u012bca, kas atrodas R\u012bg\u0101, Latvij\u0101. Semikols ir sinon\u012bms augstas kvalit\u0101tes ierakstiem, vislab\u0101kajai drukai un iepako\u0161anai, nog\u0101d\u0101\u0161anai jebkur\u0101 pasaules viet\u0101 ar \u0101tr\u0101m pieg\u0101d\u0113m, \u012bss izpildes laiks un korekta klientu apkalpo\u0161ana. Viss, ko ra\u017eo Semikols, tiek r\u016bp\u012bgi p\u0101rbaud\u012bts ikkatr\u0101 ra\u017eo\u0161anas posm\u0101. M\u016bsu labi apr\u012bkot\u0101 r\u016bpn\u012bca, kuras [&hellip;]<\/p>\n","protected":false},"author":1,"featured_media":0,"parent":0,"menu_order":0,"comment_status":"closed","ping_status":"closed","template":"","meta":{"footnotes":""},"class_list":["post-1686","page","type-page","status-publish","hentry"],"_links":{"self":[{"href":"https:\/\/semikols.eu\/lv\/wp-json\/wp\/v2\/pages\/1686"}],"collection":[{"href":"https:\/\/semikols.eu\/lv\/wp-json\/wp\/v2\/pages"}],"about":[{"href":"https:\/\/semikols.eu\/lv\/wp-json\/wp\/v2\/types\/page"}],"author":[{"embeddable":true,"href":"https:\/\/semikols.eu\/lv\/wp-json\/wp\/v2\/users\/1"}],"replies":[{"embeddable":true,"href":"https:\/\/semikols.eu\/lv\/wp-json\/wp\/v2\/comments?post=1686"}],"version-history":[{"count":4,"href":"https:\/\/semikols.eu\/lv\/wp-json\/wp\/v2\/pages\/1686\/revisions"}],"predecessor-version":[{"id":1820,"href":"https:\/\/semikols.eu\/lv\/wp-json\/wp\/v2\/pages\/1686\/revisions\/1820"}],"wp:attachment":[{"href":"https:\/\/semikols.eu\/lv\/wp-json\/wp\/v2\/media?parent=1686"}],"curies":[{"name":"wp","href":"https:\/\/api.w.org\/{rel}","templated":true}]}}